{"id":281,"date":"2025-04-19T18:29:33","date_gmt":"2025-04-19T16:29:33","guid":{"rendered":"http:\/\/mellowmoodsbh.com\/?page_id=281"},"modified":"2026-01-28T19:28:24","modified_gmt":"2026-01-28T23:28:24","slug":"contact-us","status":"publish","type":"page","link":"https:\/\/www.mellowmoodsbh.com\/fr\/contact-us\/","title":{"rendered":"Contact Us \u2013 Start Your Exclusive MellowMood St-Barth Experience"},"content":{"rendered":"<div class=\"wp-block-uagb-container uagb-block-13500d5d alignfull uagb-is-root-container\"><div class=\"uagb-container-inner-blocks-wrap\"><\/div><\/div>\n\n\n\n<div style=\"height:8px\" aria-hidden=\"true\" class=\"wp-block-spacer\"><\/div>\n\n\n\n<div class=\"wp-block-uagb-image aligncenter uagb-block-d7cae0d8 wp-block-uagb-image--layout-default wp-block-uagb-image--effect-static wp-block-uagb-image--align-center\"><figure class=\"wp-block-uagb-image__figure\"><img decoding=\"async\" srcset=\"https:\/\/mellowmoodsbh.com\/wp-content\/uploads\/2025\/05\/logo_mellowmood_v3-300x238.png ,https:\/\/mellowmoodsbh.com\/wp-content\/uploads\/2025\/05\/logo_mellowmood_v3.png 780w, https:\/\/mellowmoodsbh.com\/wp-content\/uploads\/2025\/05\/logo_mellowmood_v3.png 360w\" sizes=\"auto, (max-width: 480px) 150px\" src=\"https:\/\/mellowmoodsbh.com\/wp-content\/uploads\/2025\/05\/logo_mellowmood_v3-300x238.png\" alt=\"Villa Mellow Mood\" class=\"uag-image-410\" width=\"200\" height=\"159\" title=\"logo_mellowmood_v3\" loading=\"lazy\" role=\"img\"\/><\/figure><\/div>\n\n\n\n<hr class=\"wp-block-separator alignfull has-text-color has-alpha-channel-opacity has-background is-style-dots\" style=\"background-color:#6cced8;color:#6cced8\"\/>\n\n\n\n<div style=\"height:1px\" aria-hidden=\"true\" class=\"wp-block-spacer\"><\/div>\n\n\n\n<div class=\"wp-block-uagb-container uagb-block-7fd41977 alignfull uagb-is-root-container\"><div class=\"uagb-container-inner-blocks-wrap\">\n<header class=\"wp-block-uagb-advanced-heading uagb-block-c9ad7f01\"><h1 class=\"uagb-heading-text\">Villa MellowMood \u00e0 Saint Barth<\/h1><\/header>\n<\/div><\/div>\n\n\n\n<div style=\"height:18px\" aria-hidden=\"true\" class=\"wp-block-spacer\"><\/div>\n\n\n\n<header class=\"wp-block-uagb-advanced-heading uagb-block-30f5b228\"><h2 class=\"uagb-heading-text\">Contactez-nous pour votre s\u00e9jour au MellowMood \u00e0 Saint Barth<\/h2><\/header>\n\n\n\n<hr class=\"wp-block-separator has-alpha-channel-opacity\"\/>\n\n\n\n<div class=\"wp-block-uagb-container uagb-block-qmpuwyil alignfull uagb-is-root-container\"><div class=\"uagb-container-inner-blocks-wrap\">\n<div class=\"wp-block-uagb-container uagb-block-xstfcwpu\">\n<div class=\"wp-block-uagb-info-box uagb-block-y86hxdve uagb-infobox__content-wrap  uagb-infobox-icon-above-title uagb-infobox-image-valign-top wp-block-uagb-info-box--has-margin\"><div class=\"uagb-infobox-margin-wrapper\"><div class=\"uagb-ifb-content\"><div class=\"uagb-ifb-title-wrap\"><h2 class=\"uagb-ifb-title\">Contactez-nous <\/h2><\/div><p class=\"uagb-ifb-desc\">R\u00e9servez d\u00e8s maintenant votre s\u00e9jour \u00e0 la Villa MellowMood \u00e0 Saint Barth<br>Pour toute question, \u00e9crivez-nous directement.<\/p><\/div><\/div><\/div>\n\n\n\n<div class=\"wp-block-uagb-info-box uagb-block-mg5wpphk uagb-infobox__content-wrap  uagb-infobox-icon-left-title uagb-infobox-left uagb-infobox-image-valign-top wp-block-uagb-info-box--has-margin\"><div class=\"uagb-infobox-margin-wrapper\"><div class=\"uagb-ifb-content\"><div class=\"uagb-ifb-left-title-image\"><div class=\"uagb-ifb-icon-wrap\"><svg xmlns=\"https:\/\/www.w3.org\/2000\/svg\" viewbox=\"0 0 384 512\"><path d=\"M168.3 499.2C116.1 435 0 279.4 0 192C0 85.96 85.96 0 192 0C298 0 384 85.96 384 192C384 279.4 267 435 215.7 499.2C203.4 514.5 180.6 514.5 168.3 499.2H168.3zM192 256C227.3 256 256 227.3 256 192C256 156.7 227.3 128 192 128C156.7 128 128 156.7 128 192C128 227.3 156.7 256 192 256z\"><\/path><\/svg><\/div><div class=\"uagb-ifb-title-wrap\"><h2 class=\"uagb-ifb-title\">Adresse<\/h2><\/div><\/div><p class=\"uagb-ifb-desc\">Corossol, Saint Barth\u00e9lemy<\/p><div class=\"uagb-ifb-separator\"><\/div><\/div><\/div><\/div>\n\n\n\n<div class=\"wp-block-uagb-info-box uagb-block-rklirgz1 uagb-infobox__content-wrap  uagb-infobox-icon-left-title uagb-infobox-left uagb-infobox-image-valign-top wp-block-uagb-info-box--has-margin\"><div class=\"uagb-infobox-margin-wrapper\"><div class=\"uagb-ifb-content\"><div class=\"uagb-ifb-left-title-image\"><div class=\"uagb-ifb-icon-wrap\"><svg xmlns=\"https:\/\/www.w3.org\/2000\/svg\" viewbox=\"0 0 512 512\"><path d=\"M511.2 387l-23.25 100.8c-3.266 14.25-15.79 24.22-30.46 24.22C205.2 512 0 306.8 0 54.5c0-14.66 9.969-27.2 24.22-30.45l100.8-23.25C139.7-2.602 154.7 5.018 160.8 18.92l46.52 108.5c5.438 12.78 1.77 27.67-8.98 36.45L144.5 207.1c33.98 69.22 90.26 125.5 159.5 159.5l44.08-53.8c8.688-10.78 23.69-14.51 36.47-8.975l108.5 46.51C506.1 357.2 514.6 372.4 511.2 387z\"><\/path><\/svg><\/div><div class=\"uagb-ifb-title-wrap\"><h2 class=\"uagb-ifb-title\">Telephone<\/h2><\/div><\/div><p class=\"uagb-ifb-desc\">+ 590 690 41 65 50<br>+ 590 690 49 86 97<\/p><div class=\"uagb-ifb-separator\"><\/div><\/div><\/div><\/div>\n\n\n\n<div class=\"wp-block-uagb-container uagb-block-e01448b5\">\n<div class=\"wp-block-uagb-advanced-heading uagb-block-158a72ad\"><div class=\"uagb-heading-text\">Corossol est un village de p\u00eacheurs traditionnel qui a su pr\u00e9server son charme local. Les bateaux color\u00e9s, les habitants sympathiques et l'atmosph\u00e8re tranquille vous donnent un aper\u00e7u de l'\u00e2me de l'\u00eele. C'est un quartier calme et accueillant, parfait pour ceux qui recherchent une exp\u00e9rience authentique des Cara\u00efbes.<\/div><\/div>\n<\/div>\n<\/div>\n\n\n\n<div class=\"wp-block-uagb-container uagb-block-tdp3h3ko\">\n<div class=\"wp-block-uagb-forms uagb-forms__outer-wrap uagb-block-a103b637 uagb-forms__medium-btn\"><form class=\"uagb-forms-main-form\" method=\"post\" autocomplete=\"on\" name=\"uagb-form-a103b637\" action=\"\">\n<div class=\"wp-block-uagb-forms-name uagb-forms-name-wrap uagb-forms-field-set uagb-block-6230db4c\"><div class=\"uagb-forms-name-label required uagb-forms-input-label\" id=\"6230db4c\">Pr\u00e9nom<\/div><input type=\"text\" placeholder=\"John\" required class=\"uagb-forms-name-input uagb-forms-input\" name=\"6230db4c\" autocomplete=\"given-name\"\/><\/div>\n\n\n\n<div class=\"wp-block-uagb-forms-email uagb-forms-email-wrap uagb-forms-field-set uagb-block-0bba25e6\"><div class=\"uagb-forms-email-label  uagb-forms-input-label\" id=\"0bba25e6\">Email<\/div><input type=\"email\" class=\"uagb-forms-email-input uagb-forms-input\" placeholder=\"example@mail.com\" name=\"0bba25e6\" autocomplete=\"email\"\/><\/div>\n\n\n\n<div class=\"wp-block-uagb-forms-textarea uagb-forms-textarea-wrap uagb-forms-field-set uagb-block-cfce8565\"><div class=\"uagb-forms-textarea-label required uagb-forms-input-label\" id=\"cfce8565\">Message<\/div><textarea required class=\"uagb-forms-textarea-input uagb-forms-input\" rows=\"4\" placeholder=\"Enter your message\" name=\"cfce8565\" autocomplete=\"off\"><\/textarea><\/div>\n<div class=\"uagb-forms-form-hidden-data\"><input type=\"hidden\" class=\"uagb_forms_form_label\" value=\"Spectra Form\"\/><input type=\"hidden\" class=\"uagb_forms_form_id\" value=\"uagb-form-a103b637\"\/><\/div><div class=\"uagb-form-reacaptcha-error-a103b637\"><\/div><div class=\"uagb-forms-main-submit-button-wrap wp-block-button\"><button class=\"uagb-forms-main-submit-button wp-block-button__link\"><div class=\"uagb-forms-main-submit-button-text\">Submit<\/div><\/button><\/div><input type=\"hidden\" name=\"trp-form-language\" value=\"fr\"\/><\/form><div class=\"uagb-forms-success-message-a103b637 uagb-forms-submit-message-hide\"><span>Votre message \u00e0 bien \u00e9t\u00e9 envoyer!<\/span><\/div><div class=\"uagb-forms-failed-message-a103b637 uagb-forms-submit-message-hide\"><span>Une erreur s'est produite lors de l'envoi du formulaire. Veuillez v\u00e9rifier \u00e0 nouveau tous les champs du formulaire.<\/span><\/div><\/div>\n\n\n\n<div style=\"height:16px\" aria-hidden=\"true\" class=\"wp-block-spacer\"><\/div>\n\n\n\n<div class=\"wp-block-uagb-advanced-heading uagb-block-e32cd3a6\"><h2 class=\"uagb-heading-text\">\u00c9crivez-nous directement pour toute question. R\u00e9ponse rapide garantie ou appelez-nous.<\/h2><\/div>\n\n\n\n<div class=\"wp-block-uagb-advanced-heading uagb-block-61c309ea\"><h2 class=\"uagb-heading-text\">Nous voulons que vous ayez les meilleurs souvenirs \u00e0 la Villa MellowMood \u00e0 St Barth.<\/h2><\/div>\n<\/div>\n<\/div><\/div>\n\n\n\n<div style=\"height:10px\" aria-hidden=\"true\" class=\"wp-block-spacer\"><\/div>\n\n\n\n<div class=\"wp-block-uagb-container uagb-block-a7b058a0 alignfull uagb-is-root-container\"><div class=\"uagb-container-inner-blocks-wrap\">\n<div class=\"wp-block-uagb-advanced-heading uagb-block-c1ae24c4\"><h3 class=\"uagb-heading-text\"><strong>Bienvenue dans notre villa de bord de mer, situ\u00e9e au c\u0153ur de Corossol, l'un des villages les plus authentiques de Saint-Barth\u00e9lemy.<\/strong> Orient\u00e9e \u00e0 l'ouest, la villa offre une vue imprenable sur le coucher du soleil et un acc\u00e8s direct \u00e0 la plage, ce qui est id\u00e9al pour un s\u00e9jour paisible et immersif en bord de mer.<br><br>\u00c0 quelques minutes de marche, vous trouverez tout ce dont vous avez besoin : une \u00e9picerie, une pizzeria d\u00e9contract\u00e9e et un charmant restaurant servant des plats locaux. Tout ce dont vous avez besoin se trouve au coin de la rue, ce qui vous permet de profiter de la vie sur l'\u00eele \u00e0 votre propre rythme.<br>Si vous avez envie de plus d'activit\u00e9, <strong>Gustavia<\/strong>, la capitale anim\u00e9e de l'\u00eele n'est qu'\u00e0 quelques minutes en voiture. Vous y d\u00e9couvrirez des boutiques de luxe, des restaurants raffin\u00e9s et un port pittoresque.<br>S\u00e9journer dans notre villa de Corossol offre un \u00e9quilibre parfait entre confort, authenticit\u00e9 et commodit\u00e9 - une v\u00e9ritable exp\u00e9rience de Saint-Barth dans un cadre exceptionnel.<\/h3><\/div>\n\n\n\n<div class=\"wp-block-uagb-image uagb-block-7c84255e wp-block-uagb-image--layout-default wp-block-uagb-image--effect-static wp-block-uagb-image--align-none\"><figure class=\"wp-block-uagb-image__figure\"><img decoding=\"async\" srcset=\"https:\/\/mellowmoodsbh.com\/wp-content\/uploads\/2025\/04\/MG_9021-e1746809839935-1024x622.jpg ,https:\/\/mellowmoodsbh.com\/wp-content\/uploads\/2025\/04\/MG_9021-e1746809839935.jpg 780w, https:\/\/mellowmoodsbh.com\/wp-content\/uploads\/2025\/04\/MG_9021-e1746809839935.jpg 360w\" sizes=\"auto, (max-width: 480px) 150px\" src=\"https:\/\/mellowmoodsbh.com\/wp-content\/uploads\/2025\/04\/MG_9021-e1746809839935-1024x622.jpg\" alt=\"Villa Mellow Mood - St Barth - Terrace\" class=\"uag-image-41\" width=\"720\" height=\"437\" title=\"Villa Mellow Mood deck\" loading=\"lazy\" role=\"img\"\/><\/figure><\/div>\n\n\n\n<div class=\"wp-block-uagb-container uagb-block-6b10f89a\">\n<div class=\"wp-block-uagb-advanced-heading uagb-block-44b5768a\"><h3 class=\"uagb-heading-text\">vistez <a href=\"https:\/\/www.mellowmoodsbh.com\/fr\/gallery\/\" title=\"\">notre galerie<\/a> pour une visite virtuelle de notre Villa MellowMood \u00e0 St Barth<\/h3><\/div>\n\n\n\n<div class=\"wp-block-uagb-advanced-heading uagb-block-1c2db737\"><h3 class=\"uagb-heading-text\">visitez le <a href=\"https:\/\/www.saintbarth-tourisme.com\/\" target=\"_blank\" rel=\"noopener nofollow\" title=\"\">site web de l'office du tourisme<\/a> pour am\u00e9liorer votre s\u00e9jour \u00e0 St Barth<\/h3><\/div>\n<\/div>\n<\/div><\/div>\n\n\n\n<p class=\"wp-block-paragraph\"><\/p>","protected":false},"excerpt":{"rendered":"<p>Villa MellowMood in Saint Barth Contact us for your stay at MellowMood in Saint Barth Corossol is a traditional fishing village that has preserved its local charm. The colorful boats, friendly locals, and tranquil atmosphere give you a glimpse of the island\u2019s soul. It\u2019s a quiet, welcoming neighborhood, perfect for those seeking a genuine Caribbean [&hellip;]<\/p>\n","protected":false},"author":1,"featured_media":0,"parent":0,"menu_order":0,"comment_status":"closed","ping_status":"closed","template":"","meta":{"_crdt_document":"","_uag_custom_page_level_css":"","footnotes":""},"class_list":["post-281","page","type-page","status-publish","hentry"],"aioseo_notices":[],"uagb_featured_image_src":{"full":false,"thumbnail":false,"medium":false,"medium_large":false,"large":false,"1536x1536":false,"2048x2048":false,"trp-custom-language-flag":false,"post-thumbnail":false},"uagb_author_info":{"display_name":"KayachoLMD","author_link":"https:\/\/www.mellowmoodsbh.com\/fr\/author\/kayacholmd971\/"},"uagb_comment_info":0,"uagb_excerpt":"Villa MellowMood in Saint Barth Contact us for your stay at MellowMood in Saint Barth Corossol is a traditional fishing village that has preserved its local charm. The colorful boats, friendly locals, and tranquil atmosphere give you a glimpse of the island\u2019s soul. It\u2019s a quiet, welcoming neighborhood, perfect for those seeking a genuine Caribbean\u2026","_links":{"self":[{"href":"https:\/\/www.mellowmoodsbh.com\/fr\/wp-json\/wp\/v2\/pages\/281","targetHints":{"allow":["GET"]}}],"collection":[{"href":"https:\/\/www.mellowmoodsbh.com\/fr\/wp-json\/wp\/v2\/pages"}],"about":[{"href":"https:\/\/www.mellowmoodsbh.com\/fr\/wp-json\/wp\/v2\/types\/page"}],"author":[{"embeddable":true,"href":"https:\/\/www.mellowmoodsbh.com\/fr\/wp-json\/wp\/v2\/users\/1"}],"replies":[{"embeddable":true,"href":"https:\/\/www.mellowmoodsbh.com\/fr\/wp-json\/wp\/v2\/comments?post=281"}],"version-history":[{"count":56,"href":"https:\/\/www.mellowmoodsbh.com\/fr\/wp-json\/wp\/v2\/pages\/281\/revisions"}],"predecessor-version":[{"id":1065,"href":"https:\/\/www.mellowmoodsbh.com\/fr\/wp-json\/wp\/v2\/pages\/281\/revisions\/1065"}],"wp:attachment":[{"href":"https:\/\/www.mellowmoodsbh.com\/fr\/wp-json\/wp\/v2\/media?parent=281"}],"curies":[{"name":"wp","href":"https:\/\/api.w.org\/{rel}","templated":true}]}}